{"id":11193,"date":"2023-09-13T15:38:34","date_gmt":"2023-09-13T19:38:34","guid":{"rendered":"https:\/\/smartmill.ca\/?page_id=11193"},"modified":"2024-06-04T12:56:43","modified_gmt":"2024-06-04T16:56:43","slug":"nos-politiques-entreprise-technologie-et-automatisation","status":"publish","type":"page","link":"https:\/\/smartmill.ca\/fr\/about\/nos-politiques-entreprise-technologie-et-automatisation\/","title":{"rendered":"NOS POLITIQUES"},"content":{"rendered":"\t\t<div data-elementor-type=\"wp-page\" data-elementor-id=\"11193\" class=\"elementor elementor-11193 elementor-11181\" data-elementor-post-type=\"page\">\n\t\t\t\t\t\t<section class=\"elementor-section elementor-top-section elementor-element elementor-element-60e6984 elementor-section-full_width elementor-section-height-default elementor-section-height-default\" data-id=\"60e6984\" data-element_type=\"section\" data-settings=\"{&quot;jet_parallax_layout_list&quot;:[{&quot;jet_parallax_layout_image&quot;:{&quot;url&quot;:&quot;&quot;,&quot;id&quot;:&quot;&quot;,&quot;size&quot;:&quot;&quot;},&quot;_id&quot;:&quot;0abeb0b&quot;,&quot;jet_parallax_layout_image_tablet&quot;:{&quot;url&quot;:&quot;&quot;,&quot;id&quot;:&quot;&quot;,&quot;size&quot;:&quot;&quot;},&quot;jet_parallax_layout_image_mobile&quot;:{&quot;url&quot;:&quot;&quot;,&quot;id&quot;:&quot;&quot;,&quot;size&quot;:&quot;&quot;},&quot;jet_parallax_layout_speed&quot;:{&quot;unit&quot;:&quot;%&quot;,&quot;size&quot;:50,&quot;sizes&quot;:[]},&quot;jet_parallax_layout_type&quot;:&quot;scroll&quot;,&quot;jet_parallax_layout_direction&quot;:null,&quot;jet_parallax_layout_fx_direction&quot;:null,&quot;jet_parallax_layout_z_index&quot;:&quot;&quot;,&quot;jet_parallax_layout_bg_x&quot;:50,&quot;jet_parallax_layout_bg_x_tablet&quot;:&quot;&quot;,&quot;jet_parallax_layout_bg_x_mobile&quot;:&quot;&quot;,&quot;jet_parallax_layout_bg_y&quot;:50,&quot;jet_parallax_layout_bg_y_tablet&quot;:&quot;&quot;,&quot;jet_parallax_layout_bg_y_mobile&quot;:&quot;&quot;,&quot;jet_parallax_layout_bg_size&quot;:&quot;auto&quot;,&quot;jet_parallax_layout_bg_size_tablet&quot;:&quot;&quot;,&quot;jet_parallax_layout_bg_size_mobile&quot;:&quot;&quot;,&quot;jet_parallax_layout_animation_prop&quot;:&quot;transform&quot;,&quot;jet_parallax_layout_on&quot;:[&quot;desktop&quot;,&quot;tablet&quot;]}],&quot;background_background&quot;:&quot;classic&quot;}\">\n\t\t\t\t\t\t<div class=\"elementor-container elementor-column-gap-default\">\n\t\t\t\t\t<div class=\"elementor-column elementor-col-100 elementor-top-column elementor-element elementor-element-060984d\" data-id=\"060984d\" data-element_type=\"column\" data-settings=\"{&quot;background_background&quot;:&quot;classic&quot;}\">\n\t\t\t<div class=\"elementor-widget-wrap elementor-element-populated\">\n\t\t\t\t\t\t<section class=\"elementor-section elementor-inner-section elementor-element elementor-element-e362b50 elementor-section-boxed elementor-section-height-default elementor-section-height-default\" data-id=\"e362b50\" data-element_type=\"section\" data-settings=\"{&quot;jet_parallax_layout_list&quot;:[{&quot;jet_parallax_layout_image&quot;:{&quot;url&quot;:&quot;&quot;,&quot;id&quot;:&quot;&quot;,&quot;size&quot;:&quot;&quot;},&quot;_id&quot;:&quot;86c4a08&quot;,&quot;jet_parallax_layout_speed&quot;:{&quot;unit&quot;:&quot;%&quot;,&quot;size&quot;:&quot;50&quot;,&quot;sizes&quot;:[]},&quot;jet_parallax_layout_bg_x&quot;:&quot;50&quot;,&quot;jet_parallax_layout_bg_y&quot;:&quot;50&quot;,&quot;jet_parallax_layout_image_tablet&quot;:{&quot;url&quot;:&quot;&quot;,&quot;id&quot;:&quot;&quot;,&quot;size&quot;:&quot;&quot;},&quot;jet_parallax_layout_image_mobile&quot;:{&quot;url&quot;:&quot;&quot;,&quot;id&quot;:&quot;&quot;,&quot;size&quot;:&quot;&quot;},&quot;jet_parallax_layout_type&quot;:&quot;scroll&quot;,&quot;jet_parallax_layout_direction&quot;:null,&quot;jet_parallax_layout_fx_direction&quot;:null,&quot;jet_parallax_layout_z_index&quot;:&quot;&quot;,&quot;jet_parallax_layout_bg_x_tablet&quot;:&quot;&quot;,&quot;jet_parallax_layout_bg_x_mobile&quot;:&quot;&quot;,&quot;jet_parallax_layout_bg_y_tablet&quot;:&quot;&quot;,&quot;jet_parallax_layout_bg_y_mobile&quot;:&quot;&quot;,&quot;jet_parallax_layout_bg_size&quot;:&quot;auto&quot;,&quot;jet_parallax_layout_bg_size_tablet&quot;:&quot;&quot;,&quot;jet_parallax_layout_bg_size_mobile&quot;:&quot;&quot;,&quot;jet_parallax_layout_animation_prop&quot;:&quot;transform&quot;,&quot;jet_parallax_layout_on&quot;:[&quot;desktop&quot;,&quot;tablet&quot;]}]}\">\n\t\t\t\t\t\t<div class=\"elementor-container elementor-column-gap-no\">\n\t\t\t\t\t<div class=\"elementor-column elementor-col-50 elementor-inner-column elementor-element elementor-element-84bd62c\" data-id=\"84bd62c\" data-element_type=\"column\">\n\t\t\t<div class=\"elementor-widget-wrap elementor-element-populated\">\n\t\t\t\t\t\t<div class=\"elementor-element elementor-element-3c6c32b elementor-widget elementor-widget-heading\" data-id=\"3c6c32b\" data-element_type=\"widget\" data-widget_type=\"heading.default\">\n\t\t\t\t<div class=\"elementor-widget-container\">\n\t\t\t<h1 class=\"elementor-heading-title elementor-size-default\">SmartMill : O\u00f9 le bois rencontre l'analyse politique<\/h1>\t\t<\/div>\n\t\t\t\t<\/div>\n\t\t\t\t\t<\/div>\n\t\t<\/div>\n\t\t\t\t<div class=\"elementor-column elementor-col-50 elementor-inner-column elementor-element elementor-element-64a8b9b\" data-id=\"64a8b9b\" data-element_type=\"column\" data-settings=\"{&quot;background_background&quot;:&quot;classic&quot;}\">\n\t\t\t<div class=\"elementor-widget-wrap\">\n\t\t\t\t\t\t\t<\/div>\n\t\t<\/div>\n\t\t\t\t\t<\/div>\n\t\t<\/section>\n\t\t\t\t\t<\/div>\n\t\t<\/div>\n\t\t\t\t\t<\/div>\n\t\t<\/section>\n\t\t\t\t<section class=\"elementor-section elementor-top-section elementor-element elementor-element-cd27173 elementor-section-boxed elementor-section-height-default elementor-section-height-default\" data-id=\"cd27173\" data-element_type=\"section\" data-settings=\"{&quot;jet_parallax_layout_list&quot;:[]}\">\n\t\t\t\t\t\t<div class=\"elementor-container elementor-column-gap-default\">\n\t\t\t\t\t<div class=\"elementor-column elementor-col-50 elementor-top-column elementor-element elementor-element-1227af3\" data-id=\"1227af3\" data-element_type=\"column\">\n\t\t\t<div class=\"elementor-widget-wrap elementor-element-populated\">\n\t\t\t\t\t\t<div class=\"elementor-element elementor-element-e6b822e elementor-widget elementor-widget-text-editor\" data-id=\"e6b822e\" data-element_type=\"widget\" data-widget_type=\"text-editor.default\">\n\t\t\t\t<div class=\"elementor-widget-container\">\n\t\t\t\t\t\t\t<p style=\"color: #353e47; font-family: 'Roboto Slab', sans-serif; font-size: 25px; letter-spacing: 0.5px; text-align: justify;\"><span style=\"font-weight: bolder;\">Politique de confidentialit\u00e9<\/span><\/p><p style=\"color: #353e47; font-family: 'Roboto Slab', sans-serif; font-size: 25px; letter-spacing: 0.5px; text-align: justify;\"><span style=\"color: var( --e-global-color-text );\">La protection de votre vie priv\u00e9e nous est tr\u00e8s importante. Smart Mill BD Inc. respecte la vie priv\u00e9e de ses clients et employ\u00e9s par la protection des renseignements personnels. Pour cette raison, nous avons pris les mesures appropri\u00e9es pour assurer que tout renseignement personnel obtenu de votre part, en tant qu\u2019utilisateur du site Web de Smart Mill BD Inc., soit prot\u00e9g\u00e9 dans les limites de notre capacit\u00e9.\u00a0<\/span><\/p><p style=\"color: #353e47; font-family: 'Roboto Slab', sans-serif; font-size: 25px; letter-spacing: 0.5px; text-align: justify;\"><span style=\"color: var( --e-global-color-text );\">\u00a0<\/span><\/p><p style=\"color: #353e47; font-family: 'Roboto Slab', sans-serif; font-size: 25px; letter-spacing: 0.5px; text-align: justify;\"><span style=\"color: var( --e-global-color-text );\">Pour plus d\u2019information sur notre politique, pour toute question, plainte ou suggestion, n&rsquo;h\u00e9sitez pas \u00e0 nous contacter \u00e0 l&rsquo;adresse suivante : <\/span><a style=\"background-color: #ffffff;\" href=\"mailto:services@smartmill.ca\">services@smartmill.ca<\/a><span style=\"color: var( --e-global-color-text );\">.<\/span><\/p>\t\t\t\t\t\t<\/div>\n\t\t\t\t<\/div>\n\t\t\t\t\t<\/div>\n\t\t<\/div>\n\t\t\t\t<div class=\"elementor-column elementor-col-50 elementor-top-column elementor-element elementor-element-c828626\" data-id=\"c828626\" data-element_type=\"column\">\n\t\t\t<div class=\"elementor-widget-wrap elementor-element-populated\">\n\t\t\t\t\t\t<div class=\"elementor-element elementor-element-5371cf9 elementor-widget__width-initial elementor-widget elementor-widget-raven-image\" data-id=\"5371cf9\" data-element_type=\"widget\" data-widget_type=\"raven-image.default\">\n\t\t\t\t<div class=\"elementor-widget-container\">\n\t\t\t\t\t<div class=\"raven-image\">\n\t\t\n\t\t\n\t\t<img fetchpriority=\"high\" width=\"900\" height=\"600\" src=\"https:\/\/smartmill.ca\/wp-content\/uploads\/2023\/03\/smartmill-quebec-canada-head-office-8.jpg\" class=\"attachment-full size-full wp-image-9422\" alt=\"SmartMill office\" decoding=\"async\" srcset=\"https:\/\/smartmill.ca\/wp-content\/uploads\/2023\/03\/smartmill-quebec-canada-head-office-8.jpg 900w, https:\/\/smartmill.ca\/wp-content\/uploads\/2023\/03\/smartmill-quebec-canada-head-office-8-300x200.jpg 300w, https:\/\/smartmill.ca\/wp-content\/uploads\/2023\/03\/smartmill-quebec-canada-head-office-8-768x512.jpg 768w\" sizes=\"(max-width: 900px) 100vw, 900px\" \/>\t\t<\/div>\n\t\t\t\t<\/div>\n\t\t\t\t<\/div>\n\t\t\t\t\t<\/div>\n\t\t<\/div>\n\t\t\t\t\t<\/div>\n\t\t<\/section>\n\t\t\t\t<\/div>\n\t\t","protected":false},"excerpt":{"rendered":"<p>SmartMill : O\u00f9 le bois rencontre l&rsquo;analyse politique Politique de confidentialit\u00e9 La protection de votre vie priv\u00e9e nous est tr\u00e8s importante. Smart Mill BD Inc. respecte la vie priv\u00e9e de ses clients et employ\u00e9s par la protection des renseignements personnels. Pour cette raison, nous avons pris les mesures appropri\u00e9es pour assurer que tout renseignement personnel [&hellip;]<\/p>\n","protected":false},"author":68,"featured_media":0,"parent":776,"menu_order":2,"comment_status":"closed","ping_status":"closed","template":"full-width.php","meta":{"content-type":"","footnotes":""},"acf":[],"yoast_head":"<!-- This site is optimized with the Yoast SEO plugin v22.6 - https:\/\/yoast.com\/wordpress\/plugins\/seo\/ -->\n<title>NOS POLITIQUES - SmartMill<\/title>\n<meta name=\"description\" content=\"Les politiques d&#039;entreprise de SmartMill, entreprise qui \u0153uvre dans le milieu manufacturier pour les scieries.\" \/>\n<meta name=\"robots\" content=\"index, follow, max-snippet:-1, max-image-preview:large, max-video-preview:-1\" \/>\n<link rel=\"canonical\" href=\"https:\/\/smartmill.ca\/fr\/about\/nos-politiques-entreprise-technologie-et-automatisation\/\" \/>\n<meta property=\"og:locale\" content=\"fr_FR\" \/>\n<meta property=\"og:type\" content=\"article\" \/>\n<meta property=\"og:title\" content=\"NOS POLITIQUES - SmartMill\" \/>\n<meta property=\"og:description\" content=\"Les politiques d&#039;entreprise de SmartMill, entreprise qui \u0153uvre dans le milieu manufacturier pour les scieries.\" \/>\n<meta property=\"og:url\" content=\"https:\/\/smartmill.ca\/fr\/about\/nos-politiques-entreprise-technologie-et-automatisation\/\" \/>\n<meta property=\"og:site_name\" content=\"SmartMill\" \/>\n<meta property=\"article:modified_time\" content=\"2024-06-04T16:56:43+00:00\" \/>\n<meta property=\"og:image\" content=\"https:\/\/smartmill.ca\/wp-content\/uploads\/2023\/03\/smartmill-quebec-canada-head-office-8.jpg\" \/>\n<meta name=\"twitter:card\" content=\"summary_large_image\" \/>\n<meta name=\"twitter:label1\" content=\"Dur\u00e9e de lecture estim\u00e9e\" \/>\n\t<meta name=\"twitter:data1\" content=\"1 minute\" \/>\n<script type=\"application\/ld+json\" class=\"yoast-schema-graph\">{\"@context\":\"https:\/\/schema.org\",\"@graph\":[{\"@type\":\"WebPage\",\"@id\":\"https:\/\/smartmill.ca\/fr\/about\/nos-politiques-entreprise-technologie-et-automatisation\/\",\"url\":\"https:\/\/smartmill.ca\/fr\/about\/nos-politiques-entreprise-technologie-et-automatisation\/\",\"name\":\"NOS POLITIQUES - SmartMill\",\"isPartOf\":{\"@id\":\"https:\/\/smartmill.ca\/#website\"},\"primaryImageOfPage\":{\"@id\":\"https:\/\/smartmill.ca\/fr\/about\/nos-politiques-entreprise-technologie-et-automatisation\/#primaryimage\"},\"image\":{\"@id\":\"https:\/\/smartmill.ca\/fr\/about\/nos-politiques-entreprise-technologie-et-automatisation\/#primaryimage\"},\"thumbnailUrl\":\"https:\/\/smartmill.ca\/wp-content\/uploads\/2023\/03\/smartmill-quebec-canada-head-office-8.jpg\",\"datePublished\":\"2023-09-13T19:38:34+00:00\",\"dateModified\":\"2024-06-04T16:56:43+00:00\",\"description\":\"Les politiques d'entreprise de SmartMill, entreprise qui \u0153uvre dans le milieu manufacturier pour les scieries.\",\"breadcrumb\":{\"@id\":\"https:\/\/smartmill.ca\/fr\/about\/nos-politiques-entreprise-technologie-et-automatisation\/#breadcrumb\"},\"inLanguage\":\"fr-FR\",\"potentialAction\":[{\"@type\":\"ReadAction\",\"target\":[\"https:\/\/smartmill.ca\/fr\/about\/nos-politiques-entreprise-technologie-et-automatisation\/\"]}]},{\"@type\":\"ImageObject\",\"inLanguage\":\"fr-FR\",\"@id\":\"https:\/\/smartmill.ca\/fr\/about\/nos-politiques-entreprise-technologie-et-automatisation\/#primaryimage\",\"url\":\"https:\/\/smartmill.ca\/wp-content\/uploads\/2023\/03\/smartmill-quebec-canada-head-office-8.jpg\",\"contentUrl\":\"https:\/\/smartmill.ca\/wp-content\/uploads\/2023\/03\/smartmill-quebec-canada-head-office-8.jpg\"},{\"@type\":\"BreadcrumbList\",\"@id\":\"https:\/\/smartmill.ca\/fr\/about\/nos-politiques-entreprise-technologie-et-automatisation\/#breadcrumb\",\"itemListElement\":[{\"@type\":\"ListItem\",\"position\":1,\"name\":\"Accueil\",\"item\":\"https:\/\/smartmill.ca\/\"},{\"@type\":\"ListItem\",\"position\":2,\"name\":\"\u00c0 propos\",\"item\":\"https:\/\/smartmill.ca\/fr\/about\/\"},{\"@type\":\"ListItem\",\"position\":3,\"name\":\"NOS POLITIQUES\"}]},{\"@type\":\"WebSite\",\"@id\":\"https:\/\/smartmill.ca\/#website\",\"url\":\"https:\/\/smartmill.ca\/\",\"name\":\"SmartMill\",\"description\":\"Augmentez votre capacit\u00e9 et votre rentabilit\u00e9\",\"publisher\":{\"@id\":\"https:\/\/smartmill.ca\/#organization\"},\"potentialAction\":[{\"@type\":\"SearchAction\",\"target\":{\"@type\":\"EntryPoint\",\"urlTemplate\":\"https:\/\/smartmill.ca\/?s={search_term_string}\"},\"query-input\":\"required name=search_term_string\"}],\"inLanguage\":\"fr-FR\"},{\"@type\":\"Organization\",\"@id\":\"https:\/\/smartmill.ca\/#organization\",\"name\":\"Smartmill\",\"url\":\"https:\/\/smartmill.ca\/\",\"logo\":{\"@type\":\"ImageObject\",\"inLanguage\":\"fr-FR\",\"@id\":\"https:\/\/smartmill.ca\/#\/schema\/logo\/image\/\",\"url\":\"https:\/\/smartmill.ca\/wp-content\/uploads\/2020\/03\/smartmill-logo-2.svg\",\"contentUrl\":\"https:\/\/smartmill.ca\/wp-content\/uploads\/2020\/03\/smartmill-logo-2.svg\",\"width\":481.3,\"height\":107.5,\"caption\":\"Smartmill\"},\"image\":{\"@id\":\"https:\/\/smartmill.ca\/#\/schema\/logo\/image\/\"},\"sameAs\":[\"https:\/\/www.linkedin.com\/company\/smartmill-bd\/mycompany\/?viewAsMember=true\",\"https:\/\/www.youtube.com\/channel\/UCLhyCcHwPjwkUzcKPhk7D_A\"]}]}<\/script>\n<!-- \/ Yoast SEO plugin. -->","yoast_head_json":{"title":"NOS POLITIQUES - SmartMill","description":"Les politiques d'entreprise de SmartMill, entreprise qui \u0153uvre dans le milieu manufacturier pour les scieries.","robots":{"index":"index","follow":"follow","max-snippet":"max-snippet:-1","max-image-preview":"max-image-preview:large","max-video-preview":"max-video-preview:-1"},"canonical":"https:\/\/smartmill.ca\/fr\/about\/nos-politiques-entreprise-technologie-et-automatisation\/","og_locale":"fr_FR","og_type":"article","og_title":"NOS POLITIQUES - SmartMill","og_description":"Les politiques d'entreprise de SmartMill, entreprise qui \u0153uvre dans le milieu manufacturier pour les scieries.","og_url":"https:\/\/smartmill.ca\/fr\/about\/nos-politiques-entreprise-technologie-et-automatisation\/","og_site_name":"SmartMill","article_modified_time":"2024-06-04T16:56:43+00:00","og_image":[{"url":"https:\/\/smartmill.ca\/wp-content\/uploads\/2023\/03\/smartmill-quebec-canada-head-office-8.jpg"}],"twitter_card":"summary_large_image","twitter_misc":{"Dur\u00e9e de lecture estim\u00e9e":"1 minute"},"schema":{"@context":"https:\/\/schema.org","@graph":[{"@type":"WebPage","@id":"https:\/\/smartmill.ca\/fr\/about\/nos-politiques-entreprise-technologie-et-automatisation\/","url":"https:\/\/smartmill.ca\/fr\/about\/nos-politiques-entreprise-technologie-et-automatisation\/","name":"NOS POLITIQUES - SmartMill","isPartOf":{"@id":"https:\/\/smartmill.ca\/#website"},"primaryImageOfPage":{"@id":"https:\/\/smartmill.ca\/fr\/about\/nos-politiques-entreprise-technologie-et-automatisation\/#primaryimage"},"image":{"@id":"https:\/\/smartmill.ca\/fr\/about\/nos-politiques-entreprise-technologie-et-automatisation\/#primaryimage"},"thumbnailUrl":"https:\/\/smartmill.ca\/wp-content\/uploads\/2023\/03\/smartmill-quebec-canada-head-office-8.jpg","datePublished":"2023-09-13T19:38:34+00:00","dateModified":"2024-06-04T16:56:43+00:00","description":"Les politiques d'entreprise de SmartMill, entreprise qui \u0153uvre dans le milieu manufacturier pour les scieries.","breadcrumb":{"@id":"https:\/\/smartmill.ca\/fr\/about\/nos-politiques-entreprise-technologie-et-automatisation\/#breadcrumb"},"inLanguage":"fr-FR","potentialAction":[{"@type":"ReadAction","target":["https:\/\/smartmill.ca\/fr\/about\/nos-politiques-entreprise-technologie-et-automatisation\/"]}]},{"@type":"ImageObject","inLanguage":"fr-FR","@id":"https:\/\/smartmill.ca\/fr\/about\/nos-politiques-entreprise-technologie-et-automatisation\/#primaryimage","url":"https:\/\/smartmill.ca\/wp-content\/uploads\/2023\/03\/smartmill-quebec-canada-head-office-8.jpg","contentUrl":"https:\/\/smartmill.ca\/wp-content\/uploads\/2023\/03\/smartmill-quebec-canada-head-office-8.jpg"},{"@type":"BreadcrumbList","@id":"https:\/\/smartmill.ca\/fr\/about\/nos-politiques-entreprise-technologie-et-automatisation\/#breadcrumb","itemListElement":[{"@type":"ListItem","position":1,"name":"Accueil","item":"https:\/\/smartmill.ca\/"},{"@type":"ListItem","position":2,"name":"\u00c0 propos","item":"https:\/\/smartmill.ca\/fr\/about\/"},{"@type":"ListItem","position":3,"name":"NOS POLITIQUES"}]},{"@type":"WebSite","@id":"https:\/\/smartmill.ca\/#website","url":"https:\/\/smartmill.ca\/","name":"SmartMill","description":"Augmentez votre capacit\u00e9 et votre rentabilit\u00e9","publisher":{"@id":"https:\/\/smartmill.ca\/#organization"},"potentialAction":[{"@type":"SearchAction","target":{"@type":"EntryPoint","urlTemplate":"https:\/\/smartmill.ca\/?s={search_term_string}"},"query-input":"required name=search_term_string"}],"inLanguage":"fr-FR"},{"@type":"Organization","@id":"https:\/\/smartmill.ca\/#organization","name":"Smartmill","url":"https:\/\/smartmill.ca\/","logo":{"@type":"ImageObject","inLanguage":"fr-FR","@id":"https:\/\/smartmill.ca\/#\/schema\/logo\/image\/","url":"https:\/\/smartmill.ca\/wp-content\/uploads\/2020\/03\/smartmill-logo-2.svg","contentUrl":"https:\/\/smartmill.ca\/wp-content\/uploads\/2020\/03\/smartmill-logo-2.svg","width":481.3,"height":107.5,"caption":"Smartmill"},"image":{"@id":"https:\/\/smartmill.ca\/#\/schema\/logo\/image\/"},"sameAs":["https:\/\/www.linkedin.com\/company\/smartmill-bd\/mycompany\/?viewAsMember=true","https:\/\/www.youtube.com\/channel\/UCLhyCcHwPjwkUzcKPhk7D_A"]}]}},"_links":{"self":[{"href":"https:\/\/smartmill.ca\/fr\/wp-json\/wp\/v2\/pages\/11193"}],"collection":[{"href":"https:\/\/smartmill.ca\/fr\/wp-json\/wp\/v2\/pages"}],"about":[{"href":"https:\/\/smartmill.ca\/fr\/wp-json\/wp\/v2\/types\/page"}],"author":[{"embeddable":true,"href":"https:\/\/smartmill.ca\/fr\/wp-json\/wp\/v2\/users\/68"}],"replies":[{"embeddable":true,"href":"https:\/\/smartmill.ca\/fr\/wp-json\/wp\/v2\/comments?post=11193"}],"version-history":[{"count":31,"href":"https:\/\/smartmill.ca\/fr\/wp-json\/wp\/v2\/pages\/11193\/revisions"}],"predecessor-version":[{"id":11401,"href":"https:\/\/smartmill.ca\/fr\/wp-json\/wp\/v2\/pages\/11193\/revisions\/11401"}],"up":[{"embeddable":true,"href":"https:\/\/smartmill.ca\/fr\/wp-json\/wp\/v2\/pages\/776"}],"wp:attachment":[{"href":"https:\/\/smartmill.ca\/fr\/wp-json\/wp\/v2\/media?parent=11193"}],"curies":[{"name":"wp","href":"https:\/\/api.w.org\/{rel}","templated":true}]}}