{"id":3443,"date":"2021-11-24T11:57:54","date_gmt":"2021-11-24T16:57:54","guid":{"rendered":"https:\/\/smartmill.ca\/?page_id=3443"},"modified":"2023-04-26T15:35:31","modified_gmt":"2023-04-26T19:35:31","slug":"smartmill-academy","status":"publish","type":"page","link":"https:\/\/smartmill.ca\/fr\/smartmill-academy\/","title":{"rendered":"SmartMill Academy"},"content":{"rendered":"\t\t<div data-elementor-type=\"wp-page\" data-elementor-id=\"3443\" class=\"elementor elementor-3443 elementor-3440\" data-elementor-post-type=\"page\">\n\t\t\t\t\t\t<section class=\"elementor-section elementor-top-section elementor-element elementor-element-e6cc2da elementor-section-full_width elementor-section-height-default elementor-section-height-default\" data-id=\"e6cc2da\" data-element_type=\"section\" data-settings=\"{&quot;jet_parallax_layout_list&quot;:[{&quot;jet_parallax_layout_image&quot;:{&quot;url&quot;:&quot;&quot;,&quot;id&quot;:&quot;&quot;,&quot;size&quot;:&quot;&quot;},&quot;_id&quot;:&quot;0abeb0b&quot;,&quot;jet_parallax_layout_image_tablet&quot;:{&quot;url&quot;:&quot;&quot;,&quot;id&quot;:&quot;&quot;,&quot;size&quot;:&quot;&quot;},&quot;jet_parallax_layout_image_mobile&quot;:{&quot;url&quot;:&quot;&quot;,&quot;id&quot;:&quot;&quot;,&quot;size&quot;:&quot;&quot;},&quot;jet_parallax_layout_speed&quot;:{&quot;unit&quot;:&quot;%&quot;,&quot;size&quot;:50,&quot;sizes&quot;:[]},&quot;jet_parallax_layout_type&quot;:&quot;scroll&quot;,&quot;jet_parallax_layout_direction&quot;:null,&quot;jet_parallax_layout_fx_direction&quot;:null,&quot;jet_parallax_layout_z_index&quot;:&quot;&quot;,&quot;jet_parallax_layout_bg_x&quot;:50,&quot;jet_parallax_layout_bg_x_tablet&quot;:&quot;&quot;,&quot;jet_parallax_layout_bg_x_mobile&quot;:&quot;&quot;,&quot;jet_parallax_layout_bg_y&quot;:50,&quot;jet_parallax_layout_bg_y_tablet&quot;:&quot;&quot;,&quot;jet_parallax_layout_bg_y_mobile&quot;:&quot;&quot;,&quot;jet_parallax_layout_bg_size&quot;:&quot;auto&quot;,&quot;jet_parallax_layout_bg_size_tablet&quot;:&quot;&quot;,&quot;jet_parallax_layout_bg_size_mobile&quot;:&quot;&quot;,&quot;jet_parallax_layout_animation_prop&quot;:&quot;transform&quot;,&quot;jet_parallax_layout_on&quot;:[&quot;desktop&quot;,&quot;tablet&quot;]}],&quot;background_background&quot;:&quot;classic&quot;}\">\n\t\t\t\t\t\t<div class=\"elementor-container elementor-column-gap-default\">\n\t\t\t\t\t<div class=\"elementor-column elementor-col-100 elementor-top-column elementor-element elementor-element-425f74d\" data-id=\"425f74d\" data-element_type=\"column\" data-settings=\"{&quot;background_background&quot;:&quot;classic&quot;}\">\n\t\t\t<div class=\"elementor-widget-wrap elementor-element-populated\">\n\t\t\t\t\t\t<section class=\"elementor-section elementor-inner-section elementor-element elementor-element-1c6d057 elementor-section-boxed elementor-section-height-default elementor-section-height-default\" data-id=\"1c6d057\" data-element_type=\"section\" data-settings=\"{&quot;jet_parallax_layout_list&quot;:[{&quot;jet_parallax_layout_image&quot;:{&quot;url&quot;:&quot;&quot;,&quot;id&quot;:&quot;&quot;,&quot;size&quot;:&quot;&quot;},&quot;_id&quot;:&quot;86c4a08&quot;,&quot;jet_parallax_layout_speed&quot;:{&quot;unit&quot;:&quot;%&quot;,&quot;size&quot;:&quot;50&quot;,&quot;sizes&quot;:[]},&quot;jet_parallax_layout_bg_x&quot;:&quot;50&quot;,&quot;jet_parallax_layout_bg_y&quot;:&quot;50&quot;,&quot;jet_parallax_layout_image_tablet&quot;:{&quot;url&quot;:&quot;&quot;,&quot;id&quot;:&quot;&quot;,&quot;size&quot;:&quot;&quot;},&quot;jet_parallax_layout_image_mobile&quot;:{&quot;url&quot;:&quot;&quot;,&quot;id&quot;:&quot;&quot;,&quot;size&quot;:&quot;&quot;},&quot;jet_parallax_layout_type&quot;:&quot;scroll&quot;,&quot;jet_parallax_layout_direction&quot;:null,&quot;jet_parallax_layout_fx_direction&quot;:null,&quot;jet_parallax_layout_z_index&quot;:&quot;&quot;,&quot;jet_parallax_layout_bg_x_tablet&quot;:&quot;&quot;,&quot;jet_parallax_layout_bg_x_mobile&quot;:&quot;&quot;,&quot;jet_parallax_layout_bg_y_tablet&quot;:&quot;&quot;,&quot;jet_parallax_layout_bg_y_mobile&quot;:&quot;&quot;,&quot;jet_parallax_layout_bg_size&quot;:&quot;auto&quot;,&quot;jet_parallax_layout_bg_size_tablet&quot;:&quot;&quot;,&quot;jet_parallax_layout_bg_size_mobile&quot;:&quot;&quot;,&quot;jet_parallax_layout_animation_prop&quot;:&quot;transform&quot;,&quot;jet_parallax_layout_on&quot;:[&quot;desktop&quot;,&quot;tablet&quot;]}]}\">\n\t\t\t\t\t\t<div class=\"elementor-container elementor-column-gap-no\">\n\t\t\t\t\t<div class=\"elementor-column elementor-col-50 elementor-inner-column elementor-element elementor-element-9661879\" data-id=\"9661879\" data-element_type=\"column\">\n\t\t\t<div class=\"elementor-widget-wrap elementor-element-populated\">\n\t\t\t\t\t\t<div class=\"elementor-element elementor-element-fbf850e elementor-widget elementor-widget-heading\" data-id=\"fbf850e\" data-element_type=\"widget\" data-widget_type=\"heading.default\">\n\t\t\t\t<div class=\"elementor-widget-container\">\n\t\t\t<h1 class=\"elementor-heading-title elementor-size-default\">SmartMill Academy : Des formations innovantes pour am\u00e9liorer la productivit\u00e9 de l'industrie foresti\u00e8re<\/h1>\t\t<\/div>\n\t\t\t\t<\/div>\n\t\t\t\t\t<\/div>\n\t\t<\/div>\n\t\t\t\t<div class=\"elementor-column elementor-col-50 elementor-inner-column elementor-element elementor-element-897645c\" data-id=\"897645c\" data-element_type=\"column\" data-settings=\"{&quot;background_background&quot;:&quot;classic&quot;}\">\n\t\t\t<div class=\"elementor-widget-wrap\">\n\t\t\t\t\t\t\t<\/div>\n\t\t<\/div>\n\t\t\t\t\t<\/div>\n\t\t<\/section>\n\t\t\t\t\t<\/div>\n\t\t<\/div>\n\t\t\t\t\t<\/div>\n\t\t<\/section>\n\t\t\t\t<section class=\"elementor-section elementor-top-section elementor-element elementor-element-46afbc4 elementor-reverse-mobile elementor-section-boxed elementor-section-height-default elementor-section-height-default\" data-id=\"46afbc4\" data-element_type=\"section\" data-settings=\"{&quot;jet_parallax_layout_list&quot;:[{&quot;jet_parallax_layout_image&quot;:{&quot;url&quot;:&quot;&quot;,&quot;id&quot;:&quot;&quot;,&quot;size&quot;:&quot;&quot;},&quot;_id&quot;:&quot;5c71b1a&quot;,&quot;jet_parallax_layout_speed&quot;:{&quot;unit&quot;:&quot;%&quot;,&quot;size&quot;:&quot;50&quot;,&quot;sizes&quot;:[]},&quot;jet_parallax_layout_bg_x&quot;:&quot;50&quot;,&quot;jet_parallax_layout_bg_y&quot;:&quot;50&quot;,&quot;jet_parallax_layout_image_tablet&quot;:{&quot;url&quot;:&quot;&quot;,&quot;id&quot;:&quot;&quot;,&quot;size&quot;:&quot;&quot;},&quot;jet_parallax_layout_image_mobile&quot;:{&quot;url&quot;:&quot;&quot;,&quot;id&quot;:&quot;&quot;,&quot;size&quot;:&quot;&quot;},&quot;jet_parallax_layout_type&quot;:&quot;scroll&quot;,&quot;jet_parallax_layout_direction&quot;:null,&quot;jet_parallax_layout_fx_direction&quot;:null,&quot;jet_parallax_layout_z_index&quot;:&quot;&quot;,&quot;jet_parallax_layout_bg_x_tablet&quot;:&quot;&quot;,&quot;jet_parallax_layout_bg_x_mobile&quot;:&quot;&quot;,&quot;jet_parallax_layout_bg_y_tablet&quot;:&quot;&quot;,&quot;jet_parallax_layout_bg_y_mobile&quot;:&quot;&quot;,&quot;jet_parallax_layout_bg_size&quot;:&quot;auto&quot;,&quot;jet_parallax_layout_bg_size_tablet&quot;:&quot;&quot;,&quot;jet_parallax_layout_bg_size_mobile&quot;:&quot;&quot;,&quot;jet_parallax_layout_animation_prop&quot;:&quot;transform&quot;,&quot;jet_parallax_layout_on&quot;:[&quot;desktop&quot;,&quot;tablet&quot;]}]}\">\n\t\t\t\t\t\t<div class=\"elementor-container elementor-column-gap-no\">\n\t\t\t\t\t<div class=\"elementor-column elementor-col-50 elementor-top-column elementor-element elementor-element-d3c0129\" data-id=\"d3c0129\" data-element_type=\"column\">\n\t\t\t<div class=\"elementor-widget-wrap elementor-element-populated\">\n\t\t\t\t\t\t<div class=\"elementor-element elementor-element-9b6cca1 elementor-widget elementor-widget-text-editor\" data-id=\"9b6cca1\" data-element_type=\"widget\" data-widget_type=\"text-editor.default\">\n\t\t\t\t<div class=\"elementor-widget-container\">\n\t\t\t\t\t\t\t<p>SmartMill Academy est un organisme formateur visant \u00e0 offrir des formations innovantes pour accompagner les compagnies de l\u2019industrie foresti\u00e8re dans leur processus d\u2019am\u00e9lioration continue et les assister dans\u00a0l\u2019augmentation de leur productivit\u00e9.<\/p>\t\t\t\t\t\t<\/div>\n\t\t\t\t<\/div>\n\t\t\t\t\t<\/div>\n\t\t<\/div>\n\t\t\t\t<div class=\"elementor-column elementor-col-50 elementor-top-column elementor-element elementor-element-57ecd43\" data-id=\"57ecd43\" data-element_type=\"column\">\n\t\t\t<div class=\"elementor-widget-wrap elementor-element-populated\">\n\t\t\t\t\t\t<div class=\"elementor-element elementor-element-185c79a elementor-widget elementor-widget-raven-image\" data-id=\"185c79a\" data-element_type=\"widget\" data-widget_type=\"raven-image.default\">\n\t\t\t\t<div class=\"elementor-widget-container\">\n\t\t\t\t\t<div class=\"raven-image\">\n\t\t\n\t\t\n\t\t<img fetchpriority=\"high\" width=\"900\" height=\"600\" src=\"https:\/\/smartmill.ca\/wp-content\/uploads\/2023\/03\/smartmill-academy.jpg\" class=\"attachment-full size-full wp-image-9310\" alt=\"\" decoding=\"async\" srcset=\"https:\/\/smartmill.ca\/wp-content\/uploads\/2023\/03\/smartmill-academy.jpg 900w, https:\/\/smartmill.ca\/wp-content\/uploads\/2023\/03\/smartmill-academy-300x200.jpg 300w, https:\/\/smartmill.ca\/wp-content\/uploads\/2023\/03\/smartmill-academy-768x512.jpg 768w\" sizes=\"(max-width: 900px) 100vw, 900px\" \/>\t\t<\/div>\n\t\t\t\t<\/div>\n\t\t\t\t<\/div>\n\t\t\t\t\t<\/div>\n\t\t<\/div>\n\t\t\t\t\t<\/div>\n\t\t<\/section>\n\t\t\t\t<section class=\"elementor-section elementor-top-section elementor-element elementor-element-aadd122 elementor-section-boxed elementor-section-height-default elementor-section-height-default\" data-id=\"aadd122\" data-element_type=\"section\" data-settings=\"{&quot;jet_parallax_layout_list&quot;:[]}\">\n\t\t\t\t\t\t<div class=\"elementor-container elementor-column-gap-default\">\n\t\t\t\t\t<div class=\"elementor-column elementor-col-50 elementor-top-column elementor-element elementor-element-a8ccf7d\" data-id=\"a8ccf7d\" data-element_type=\"column\">\n\t\t\t<div class=\"elementor-widget-wrap elementor-element-populated\">\n\t\t\t\t\t\t<div class=\"elementor-element elementor-element-36f5fa6 elementor-widget elementor-widget-text-editor\" data-id=\"36f5fa6\" data-element_type=\"widget\" data-widget_type=\"text-editor.default\">\n\t\t\t\t<div class=\"elementor-widget-container\">\n\t\t\t\t\t\t\t<p>Vision<\/p>\t\t\t\t\t\t<\/div>\n\t\t\t\t<\/div>\n\t\t\t\t<div class=\"elementor-element elementor-element-503c459 elementor-widget elementor-widget-text-editor\" data-id=\"503c459\" data-element_type=\"widget\" data-widget_type=\"text-editor.default\">\n\t\t\t\t<div class=\"elementor-widget-container\">\n\t\t\t\t\t\t\t<p>Devenir une r\u00e9f\u00e9rence dans le domaine de la formation continue du secteur forestier en collaborant avec les partenaires du milieu pour offrir des plans de formation int\u00e9grales, innovants et pertinents qui r\u00e9pondent aux d\u00e9fis de la r\u00e9alit\u00e9 du march\u00e9 actuel et futur.<\/p>\t\t\t\t\t\t<\/div>\n\t\t\t\t<\/div>\n\t\t\t\t\t<\/div>\n\t\t<\/div>\n\t\t\t\t<div class=\"elementor-column elementor-col-50 elementor-top-column elementor-element elementor-element-1fabfcf\" data-id=\"1fabfcf\" data-element_type=\"column\">\n\t\t\t<div class=\"elementor-widget-wrap elementor-element-populated\">\n\t\t\t\t\t\t<div class=\"elementor-element elementor-element-2e9cbec elementor-widget elementor-widget-text-editor\" data-id=\"2e9cbec\" data-element_type=\"widget\" data-widget_type=\"text-editor.default\">\n\t\t\t\t<div class=\"elementor-widget-container\">\n\t\t\t\t\t\t\t<p>Mission<\/p>\t\t\t\t\t\t<\/div>\n\t\t\t\t<\/div>\n\t\t\t\t<div class=\"elementor-element elementor-element-9df8f55 elementor-widget elementor-widget-text-editor\" data-id=\"9df8f55\" data-element_type=\"widget\" data-widget_type=\"text-editor.default\">\n\t\t\t\t<div class=\"elementor-widget-container\">\n\t\t\t\t\t\t\t<p>Accompagner les entreprises du secteur forestier en tant que partenaire privil\u00e9gi\u00e9 dans leur cheminement d\u2019am\u00e9lioration continue en contribuant ainsi \u00e0 augmenter leur productivit\u00e9 et faciliter leur croissance.<\/p>\t\t\t\t\t\t<\/div>\n\t\t\t\t<\/div>\n\t\t\t\t\t<\/div>\n\t\t<\/div>\n\t\t\t\t\t<\/div>\n\t\t<\/section>\n\t\t\t\t<section class=\"elementor-section elementor-top-section elementor-element elementor-element-ae1b7a9 elementor-section-boxed elementor-section-height-default elementor-section-height-default\" data-id=\"ae1b7a9\" data-element_type=\"section\" data-settings=\"{&quot;jet_parallax_layout_list&quot;:[]}\">\n\t\t\t\t\t\t<div class=\"elementor-container elementor-column-gap-default\">\n\t\t\t\t\t<div class=\"elementor-column elementor-col-50 elementor-top-column elementor-element elementor-element-e79edeb\" data-id=\"e79edeb\" data-element_type=\"column\">\n\t\t\t<div class=\"elementor-widget-wrap elementor-element-populated\">\n\t\t\t\t\t\t<div class=\"elementor-element elementor-element-c236df1 elementor-widget elementor-widget-text-editor\" data-id=\"c236df1\" data-element_type=\"widget\" data-widget_type=\"text-editor.default\">\n\t\t\t\t<div class=\"elementor-widget-container\">\n\t\t\t\t\t\t\t<p>Valeurs<\/p>\t\t\t\t\t\t<\/div>\n\t\t\t\t<\/div>\n\t\t\t\t<div class=\"elementor-element elementor-element-73c836a elementor-widget elementor-widget-text-editor\" data-id=\"73c836a\" data-element_type=\"widget\" data-widget_type=\"text-editor.default\">\n\t\t\t\t<div class=\"elementor-widget-container\">\n\t\t\t\t\t\t\t<p><strong>Innovation<\/strong> : Des formations touchant les sujets les plus innovateurs de l\u2019industrie foresti\u00e8re.<\/p><p><strong>Adaptabilit\u00e9<\/strong> : Des formations ajust\u00e9es aux th\u00e9matiques qui s\u2019adaptent \u00e0 un environnement changeant et exigeant.<\/p><p><strong>Pertinence<\/strong>\u00a0: Des formations align\u00e9es \u00e0 la r\u00e9alit\u00e9 du march\u00e9 d\u2019aujourd\u2019hui et de demain.\u00a0<\/p>\t\t\t\t\t\t<\/div>\n\t\t\t\t<\/div>\n\t\t\t\t\t<\/div>\n\t\t<\/div>\n\t\t\t\t<div class=\"elementor-column elementor-col-50 elementor-top-column elementor-element elementor-element-61b15ba\" data-id=\"61b15ba\" data-element_type=\"column\">\n\t\t\t<div class=\"elementor-widget-wrap elementor-element-populated\">\n\t\t\t\t\t\t<div class=\"elementor-element elementor-element-24680a6 elementor-widget elementor-widget-text-editor\" data-id=\"24680a6\" data-element_type=\"widget\" data-widget_type=\"text-editor.default\">\n\t\t\t\t<div class=\"elementor-widget-container\">\n\t\t\t\t\t\t\t<p>Contactez-nous<\/p>\t\t\t\t\t\t<\/div>\n\t\t\t\t<\/div>\n\t\t\t\t<div class=\"elementor-element elementor-element-0a5fbc9 elementor-widget elementor-widget-text-editor\" data-id=\"0a5fbc9\" data-element_type=\"widget\" data-widget_type=\"text-editor.default\">\n\t\t\t\t<div class=\"elementor-widget-container\">\n\t\t\t\t\t\t\t<p>Pour plus d&rsquo;information concernant SmartMill Academy, veuillez nous contacter \u00e0 <strong><span style=\"text-decoration: underline;\"><a href=\"mailto:academy@smartmill.ca\">academy@smartmill.ca<\/a><\/span><\/strong><\/p>\t\t\t\t\t\t<\/div>\n\t\t\t\t<\/div>\n\t\t\t\t\t<\/div>\n\t\t<\/div>\n\t\t\t\t\t<\/div>\n\t\t<\/section>\n\t\t\t\t<\/div>\n\t\t","protected":false},"excerpt":{"rendered":"<p>SmartMill Academy : Des formations innovantes pour am\u00e9liorer la productivit\u00e9 de l&rsquo;industrie foresti\u00e8re SmartMill Academy est un organisme formateur visant \u00e0 offrir des formations innovantes pour accompagner les compagnies de l\u2019industrie foresti\u00e8re dans leur processus d\u2019am\u00e9lioration continue et les assister dans\u00a0l\u2019augmentation de leur productivit\u00e9. Vision Devenir une r\u00e9f\u00e9rence dans le domaine de la formation continue [&hellip;]<\/p>\n","protected":false},"author":3,"featured_media":0,"parent":0,"menu_order":0,"comment_status":"closed","ping_status":"closed","template":"full-width.php","meta":{"content-type":"","footnotes":""},"acf":[],"yoast_head":"<!-- This site is optimized with the Yoast SEO plugin v22.6 - https:\/\/yoast.com\/wordpress\/plugins\/seo\/ -->\n<title>SmartMill Academy - Formation continue pour l&#039;industrie foresti\u00e8re.<\/title>\n<meta name=\"description\" content=\"Programmes de formation pour les compagnies du secteur forestier. Augmenter la productivit\u00e9 des compagnies de l&#039;industrie foresti\u00e8re.\" \/>\n<meta name=\"robots\" content=\"index, follow, max-snippet:-1, max-image-preview:large, max-video-preview:-1\" \/>\n<link rel=\"canonical\" href=\"https:\/\/smartmill.ca\/smartmill-academy\/\" \/>\n<meta property=\"og:locale\" content=\"fr_FR\" \/>\n<meta property=\"og:type\" content=\"article\" \/>\n<meta property=\"og:title\" content=\"SmartMill Academy - Formation continue pour l&#039;industrie foresti\u00e8re.\" \/>\n<meta property=\"og:description\" content=\"Programmes de formation pour les compagnies du secteur forestier. Augmenter la productivit\u00e9 des compagnies de l&#039;industrie foresti\u00e8re.\" \/>\n<meta property=\"og:url\" content=\"https:\/\/smartmill.ca\/smartmill-academy\/\" \/>\n<meta property=\"og:site_name\" content=\"SmartMill\" \/>\n<meta property=\"article:modified_time\" content=\"2023-04-26T19:35:31+00:00\" \/>\n<meta property=\"og:image\" content=\"https:\/\/smartmill.ca\/wp-content\/uploads\/2023\/03\/smartmill-academy.jpg\" \/>\n<meta name=\"twitter:card\" content=\"summary_large_image\" \/>\n<meta name=\"twitter:label1\" content=\"Dur\u00e9e de lecture estim\u00e9e\" \/>\n\t<meta name=\"twitter:data1\" content=\"1 minute\" \/>\n<script type=\"application\/ld+json\" class=\"yoast-schema-graph\">{\"@context\":\"https:\/\/schema.org\",\"@graph\":[{\"@type\":\"WebPage\",\"@id\":\"https:\/\/smartmill.ca\/smartmill-academy\/\",\"url\":\"https:\/\/smartmill.ca\/smartmill-academy\/\",\"name\":\"SmartMill Academy - Formation continue pour l'industrie foresti\u00e8re.\",\"isPartOf\":{\"@id\":\"https:\/\/smartmill.ca\/#website\"},\"primaryImageOfPage\":{\"@id\":\"https:\/\/smartmill.ca\/smartmill-academy\/#primaryimage\"},\"image\":{\"@id\":\"https:\/\/smartmill.ca\/smartmill-academy\/#primaryimage\"},\"thumbnailUrl\":\"https:\/\/smartmill.ca\/wp-content\/uploads\/2023\/03\/smartmill-academy.jpg\",\"datePublished\":\"2021-11-24T16:57:54+00:00\",\"dateModified\":\"2023-04-26T19:35:31+00:00\",\"description\":\"Programmes de formation pour les compagnies du secteur forestier. Augmenter la productivit\u00e9 des compagnies de l'industrie foresti\u00e8re.\",\"breadcrumb\":{\"@id\":\"https:\/\/smartmill.ca\/smartmill-academy\/#breadcrumb\"},\"inLanguage\":\"fr-FR\",\"potentialAction\":[{\"@type\":\"ReadAction\",\"target\":[\"https:\/\/smartmill.ca\/smartmill-academy\/\"]}]},{\"@type\":\"ImageObject\",\"inLanguage\":\"fr-FR\",\"@id\":\"https:\/\/smartmill.ca\/smartmill-academy\/#primaryimage\",\"url\":\"https:\/\/smartmill.ca\/wp-content\/uploads\/2023\/03\/smartmill-academy.jpg\",\"contentUrl\":\"https:\/\/smartmill.ca\/wp-content\/uploads\/2023\/03\/smartmill-academy.jpg\"},{\"@type\":\"BreadcrumbList\",\"@id\":\"https:\/\/smartmill.ca\/smartmill-academy\/#breadcrumb\",\"itemListElement\":[{\"@type\":\"ListItem\",\"position\":1,\"name\":\"Accueil\",\"item\":\"https:\/\/smartmill.ca\/\"},{\"@type\":\"ListItem\",\"position\":2,\"name\":\"SmartMill Academy\"}]},{\"@type\":\"WebSite\",\"@id\":\"https:\/\/smartmill.ca\/#website\",\"url\":\"https:\/\/smartmill.ca\/\",\"name\":\"SmartMill\",\"description\":\"Augmentez votre capacit\u00e9 et votre rentabilit\u00e9\",\"publisher\":{\"@id\":\"https:\/\/smartmill.ca\/#organization\"},\"potentialAction\":[{\"@type\":\"SearchAction\",\"target\":{\"@type\":\"EntryPoint\",\"urlTemplate\":\"https:\/\/smartmill.ca\/?s={search_term_string}\"},\"query-input\":\"required name=search_term_string\"}],\"inLanguage\":\"fr-FR\"},{\"@type\":\"Organization\",\"@id\":\"https:\/\/smartmill.ca\/#organization\",\"name\":\"Smartmill\",\"url\":\"https:\/\/smartmill.ca\/\",\"logo\":{\"@type\":\"ImageObject\",\"inLanguage\":\"fr-FR\",\"@id\":\"https:\/\/smartmill.ca\/#\/schema\/logo\/image\/\",\"url\":\"https:\/\/smartmill.ca\/wp-content\/uploads\/2020\/03\/smartmill-logo-2.svg\",\"contentUrl\":\"https:\/\/smartmill.ca\/wp-content\/uploads\/2020\/03\/smartmill-logo-2.svg\",\"width\":481.3,\"height\":107.5,\"caption\":\"Smartmill\"},\"image\":{\"@id\":\"https:\/\/smartmill.ca\/#\/schema\/logo\/image\/\"},\"sameAs\":[\"https:\/\/www.linkedin.com\/company\/smartmill-bd\/mycompany\/?viewAsMember=true\",\"https:\/\/www.youtube.com\/channel\/UCLhyCcHwPjwkUzcKPhk7D_A\"]}]}<\/script>\n<!-- \/ Yoast SEO plugin. -->","yoast_head_json":{"title":"SmartMill Academy - Formation continue pour l'industrie foresti\u00e8re.","description":"Programmes de formation pour les compagnies du secteur forestier. Augmenter la productivit\u00e9 des compagnies de l'industrie foresti\u00e8re.","robots":{"index":"index","follow":"follow","max-snippet":"max-snippet:-1","max-image-preview":"max-image-preview:large","max-video-preview":"max-video-preview:-1"},"canonical":"https:\/\/smartmill.ca\/smartmill-academy\/","og_locale":"fr_FR","og_type":"article","og_title":"SmartMill Academy - Formation continue pour l'industrie foresti\u00e8re.","og_description":"Programmes de formation pour les compagnies du secteur forestier. Augmenter la productivit\u00e9 des compagnies de l'industrie foresti\u00e8re.","og_url":"https:\/\/smartmill.ca\/smartmill-academy\/","og_site_name":"SmartMill","article_modified_time":"2023-04-26T19:35:31+00:00","og_image":[{"url":"https:\/\/smartmill.ca\/wp-content\/uploads\/2023\/03\/smartmill-academy.jpg"}],"twitter_card":"summary_large_image","twitter_misc":{"Dur\u00e9e de lecture estim\u00e9e":"1 minute"},"schema":{"@context":"https:\/\/schema.org","@graph":[{"@type":"WebPage","@id":"https:\/\/smartmill.ca\/smartmill-academy\/","url":"https:\/\/smartmill.ca\/smartmill-academy\/","name":"SmartMill Academy - Formation continue pour l'industrie foresti\u00e8re.","isPartOf":{"@id":"https:\/\/smartmill.ca\/#website"},"primaryImageOfPage":{"@id":"https:\/\/smartmill.ca\/smartmill-academy\/#primaryimage"},"image":{"@id":"https:\/\/smartmill.ca\/smartmill-academy\/#primaryimage"},"thumbnailUrl":"https:\/\/smartmill.ca\/wp-content\/uploads\/2023\/03\/smartmill-academy.jpg","datePublished":"2021-11-24T16:57:54+00:00","dateModified":"2023-04-26T19:35:31+00:00","description":"Programmes de formation pour les compagnies du secteur forestier. Augmenter la productivit\u00e9 des compagnies de l'industrie foresti\u00e8re.","breadcrumb":{"@id":"https:\/\/smartmill.ca\/smartmill-academy\/#breadcrumb"},"inLanguage":"fr-FR","potentialAction":[{"@type":"ReadAction","target":["https:\/\/smartmill.ca\/smartmill-academy\/"]}]},{"@type":"ImageObject","inLanguage":"fr-FR","@id":"https:\/\/smartmill.ca\/smartmill-academy\/#primaryimage","url":"https:\/\/smartmill.ca\/wp-content\/uploads\/2023\/03\/smartmill-academy.jpg","contentUrl":"https:\/\/smartmill.ca\/wp-content\/uploads\/2023\/03\/smartmill-academy.jpg"},{"@type":"BreadcrumbList","@id":"https:\/\/smartmill.ca\/smartmill-academy\/#breadcrumb","itemListElement":[{"@type":"ListItem","position":1,"name":"Accueil","item":"https:\/\/smartmill.ca\/"},{"@type":"ListItem","position":2,"name":"SmartMill Academy"}]},{"@type":"WebSite","@id":"https:\/\/smartmill.ca\/#website","url":"https:\/\/smartmill.ca\/","name":"SmartMill","description":"Augmentez votre capacit\u00e9 et votre rentabilit\u00e9","publisher":{"@id":"https:\/\/smartmill.ca\/#organization"},"potentialAction":[{"@type":"SearchAction","target":{"@type":"EntryPoint","urlTemplate":"https:\/\/smartmill.ca\/?s={search_term_string}"},"query-input":"required name=search_term_string"}],"inLanguage":"fr-FR"},{"@type":"Organization","@id":"https:\/\/smartmill.ca\/#organization","name":"Smartmill","url":"https:\/\/smartmill.ca\/","logo":{"@type":"ImageObject","inLanguage":"fr-FR","@id":"https:\/\/smartmill.ca\/#\/schema\/logo\/image\/","url":"https:\/\/smartmill.ca\/wp-content\/uploads\/2020\/03\/smartmill-logo-2.svg","contentUrl":"https:\/\/smartmill.ca\/wp-content\/uploads\/2020\/03\/smartmill-logo-2.svg","width":481.3,"height":107.5,"caption":"Smartmill"},"image":{"@id":"https:\/\/smartmill.ca\/#\/schema\/logo\/image\/"},"sameAs":["https:\/\/www.linkedin.com\/company\/smartmill-bd\/mycompany\/?viewAsMember=true","https:\/\/www.youtube.com\/channel\/UCLhyCcHwPjwkUzcKPhk7D_A"]}]}},"_links":{"self":[{"href":"https:\/\/smartmill.ca\/fr\/wp-json\/wp\/v2\/pages\/3443"}],"collection":[{"href":"https:\/\/smartmill.ca\/fr\/wp-json\/wp\/v2\/pages"}],"about":[{"href":"https:\/\/smartmill.ca\/fr\/wp-json\/wp\/v2\/types\/page"}],"author":[{"embeddable":true,"href":"https:\/\/smartmill.ca\/fr\/wp-json\/wp\/v2\/users\/3"}],"replies":[{"embeddable":true,"href":"https:\/\/smartmill.ca\/fr\/wp-json\/wp\/v2\/comments?post=3443"}],"version-history":[{"count":0,"href":"https:\/\/smartmill.ca\/fr\/wp-json\/wp\/v2\/pages\/3443\/revisions"}],"wp:attachment":[{"href":"https:\/\/smartmill.ca\/fr\/wp-json\/wp\/v2\/media?parent=3443"}],"curies":[{"name":"wp","href":"https:\/\/api.w.org\/{rel}","templated":true}]}}